{"id":89,"date":"2021-12-27T12:49:37","date_gmt":"2021-12-27T12:49:37","guid":{"rendered":"https:\/\/kumite.lt\/?page_id=89"},"modified":"2022-05-17T09:47:23","modified_gmt":"2022-05-17T09:47:23","slug":"kainos","status":"publish","type":"page","link":"https:\/\/kumite.lt\/index.php\/kainos\/","title":{"rendered":"Kainos"},"content":{"rendered":"\t\t<div data-elementor-type=\"wp-page\" data-elementor-id=\"89\" class=\"elementor elementor-89\" data-elementor-settings=\"[]\">\n\t\t\t\t\t\t<div class=\"elementor-inner\">\n\t\t\t\t\t\t\t<div class=\"elementor-section-wrap\">\n\t\t\t\t\t\t\t<section class=\"elementor-section elementor-top-section elementor-element elementor-element-15d985b7 elementor-section-boxed elementor-section-height-default elementor-section-height-default\" data-id=\"15d985b7\" data-element_type=\"section\" data-settings=\"{&quot;background_background&quot;:&quot;classic&quot;}\">\n\t\t\t\t\t\t\t<div class=\"elementor-background-overlay\"><\/div>\n\t\t\t\t\t\t\t<div class=\"elementor-container elementor-column-gap-default\">\n\t\t\t\t\t\t\t<div class=\"elementor-row\">\n\t\t\t\t\t<div class=\"elementor-column elementor-col-100 elementor-top-column elementor-element elementor-element-594b926b\" data-id=\"594b926b\" data-element_type=\"column\" data-settings=\"{&quot;background_background&quot;:&quot;classic&quot;}\">\n\t\t\t<div class=\"elementor-column-wrap elementor-element-populated\">\n\t\t\t\t\t\t\t<div class=\"elementor-widget-wrap\">\n\t\t\t\t\t\t<div class=\"elementor-element elementor-element-1d391819 elementor-widget elementor-widget-heading\" data-id=\"1d391819\" data-element_type=\"widget\" data-widget_type=\"heading.default\">\n\t\t\t\t<div class=\"elementor-widget-container\">\n\t\t\t<h2 class=\"elementor-heading-title elementor-size-default\">Kainos<\/h2>\t\t<\/div>\n\t\t\t\t<\/div>\n\t\t\t\t\t\t<\/div>\n\t\t\t\t\t<\/div>\n\t\t<\/div>\n\t\t\t\t\t\t\t\t<\/div>\n\t\t\t\t\t<\/div>\n\t\t<\/section>\n\t\t\t\t<section class=\"elementor-section elementor-top-section elementor-element elementor-element-4e46b8b5 elementor-section-boxed elementor-section-height-default elementor-section-height-default\" data-id=\"4e46b8b5\" data-element_type=\"section\" data-settings=\"{&quot;background_background&quot;:&quot;classic&quot;}\">\n\t\t\t\t\t\t<div class=\"elementor-container elementor-column-gap-default\">\n\t\t\t\t\t\t\t<div class=\"elementor-row\">\n\t\t\t\t\t<div class=\"elementor-column elementor-col-100 elementor-top-column elementor-element elementor-element-43fe8f22\" data-id=\"43fe8f22\" data-element_type=\"column\">\n\t\t\t<div class=\"elementor-column-wrap elementor-element-populated\">\n\t\t\t\t\t\t\t<div class=\"elementor-widget-wrap\">\n\t\t\t\t\t\t<div class=\"elementor-element elementor-element-38dd03f elementor-widget elementor-widget-text-editor\" data-id=\"38dd03f\" data-element_type=\"widget\" data-widget_type=\"text-editor.default\">\n\t\t\t\t<div class=\"elementor-widget-container\">\n\t\t\t\t\t\t\t\t<div class=\"elementor-text-editor elementor-clearfix\">\n\t\t\t\t<table><tbody><tr><td width=\"217\"><p>\u00a0<\/p><p><strong>GRUP\u0116<\/strong><\/p><\/td><td width=\"189\"><p>\u00a0<\/p><p><strong>M\u0116NESINIS MOKESTIS<\/strong><\/p><p>\u00a0<\/p><\/td><td width=\"198\"><p>\u00a0<\/p><p><strong>KAINA <\/strong><strong>SU <\/strong><strong>NV\u0160 SUTART<\/strong><strong>IMI<\/strong><\/p><\/td><\/tr><tr><td width=\"217\"><p>\u00a0<\/p><p><strong>DAR\u017dELINUKAI<\/strong><\/p><p>\u00a0<\/p><\/td><td width=\"189\"><p>\u00a0<\/p><p><strong>25 EUR<\/strong><\/p><\/td><td width=\"198\"><p>\u00a0<\/p><p><strong>X<\/strong><\/p><\/td><\/tr><tr><td width=\"217\"><p>\u00a0<\/p><p><strong>MOKYKLINIO AM\u017dIAUS <\/strong><strong>GRUP\u0116S<\/strong><\/p><p>\u00a0<\/p><\/td><td width=\"189\"><p>\u00a0<\/p><p><strong>5<\/strong><strong>5 EUR<\/strong><\/p><\/td><td width=\"198\"><p>\u00a0<\/p><p><strong>40 EUR<\/strong><\/p><\/td><\/tr><tr><td width=\"217\"><p>\u00a0<\/p><p><strong>SUAUG\u0118<\/strong><\/p><p>\u00a0<\/p><\/td><td width=\"189\"><p>\u00a0<\/p><p><strong>5<\/strong><strong>5<\/strong><strong> EUR<\/strong><\/p><\/td><td width=\"198\"><p>\u00a0<\/p><p><strong>X<\/strong><\/p><\/td><\/tr><tr><td colspan=\"3\" width=\"604\"><p>\u00a0<\/p><p><strong>BANDOMOJI TRENIRUOT\u0116 VAIKAMS \u2013 NEMOKAMAI<\/strong><\/p><p>\u00a0<\/p><\/td><\/tr><tr><td colspan=\"3\" width=\"604\"><p>\u00a0<\/p><p><strong>BANDOMOJI TRENIRUOT\u0116 SUAUGUSIEMS \u2013 <\/strong><strong>1<\/strong><strong>0<\/strong><strong> EUR<\/strong><strong>.<\/strong><\/p><p>\u00a0<\/p><\/td><\/tr><tr><td width=\"217\"><p>\u00a0<\/p><p><strong>INDIVIDUALIOS<\/strong><\/p><p><strong>TRENIRUOT\u0116S<\/strong><\/p><p>\u00a0<\/p><\/td><td width=\"189\"><p>\u00a0<\/p><p><strong>20 EUR<\/strong><\/p><p><strong>(1 <\/strong><strong>kartas<\/strong><strong>)<\/strong><\/p><\/td><td width=\"198\"><p>\u00a0<\/p><p><strong>150 EUR<\/strong><\/p><p><strong>(10 kart\u0173)<\/strong><\/p><\/td><\/tr><tr><td width=\"217\"><p>\u00a0<\/p><p><strong>NAUJIENA<\/strong><strong>!<\/strong><\/p><p><strong>INDIVIDUALIOS KATA TRENIRUOT<\/strong><strong>\u0116S<\/strong><\/p><p>\u00a0<\/p><\/td><td width=\"189\"><p>\u00a0<\/p><p><strong>15 EUR<\/strong><\/p><p><strong>(1 <\/strong><strong>kartas<\/strong><strong>)<\/strong><\/p><\/td><td width=\"198\"><p>\u00a0<\/p><p><strong>100 EUR<\/strong><\/p><p><strong>(10 kart\u0173)<\/strong><\/p><\/td><\/tr><tr><td colspan=\"3\" width=\"604\"><p>\u00a0<\/p><p><strong>D\u0116L NELANKYMO ABONIMENTAI NEPRAT\u0118SIAMI<\/strong><\/p><p>\u00a0<\/p><p><strong>NARYST\u0116 U\u017d LAIKOTARP\u012e \u2013 NE U\u017d TRENIRUOTES!!!<\/strong><\/p><p>\u00a0<\/p><\/td><\/tr><\/tbody><\/table>\t\t\t\t\t<\/div>\n\t\t\t\t\t\t<\/div>\n\t\t\t\t<\/div>\n\t\t\t\t<div class=\"elementor-element elementor-element-257a3c2 elementor-widget elementor-widget-text-editor\" data-id=\"257a3c2\" data-element_type=\"widget\" data-widget_type=\"text-editor.default\">\n\t\t\t\t<div class=\"elementor-widget-container\">\n\t\t\t\t\t\t\t\t<div class=\"elementor-text-editor elementor-clearfix\">\n\t\t\t\t<p><span style=\"color: #ff0000;\"><strong>NUOLAID\u0172 SISTEMA:<\/strong><\/span><\/p><ol><li>Sportuojant keliems \u0161eimos nariams taikomos nuolaidos.<\/li><li>Nesant galimybei su m\u016bs\u0173 klubu pasira\u0161yti NV\u0160 sutarties pra\u0161ome kreiptis \u012f trener\u012f d\u0117l pageidaujamos nuolaidos i\u0161 klubo pus\u0117s, mes b\u016btinai apsvarstysime J\u016bs\u0173 pra\u0161ym\u0105.<\/li><\/ol><p><u><strong>N<\/strong><\/u><u><strong>orint pasira\u0161yti NV\u0160 sutart\u012f su m\u016bs\u0173 klubu, pra\u0161ome kreiptis el. pa\u0161tu<\/strong><\/u><u><strong>:<\/strong><\/u><u><strong>\u00a0<\/strong><\/u><u><strong>j<\/strong><\/u><u><strong>akstas<\/strong><\/u><u><strong>@yandex.com<\/strong><\/u><\/p>\t\t\t\t\t<\/div>\n\t\t\t\t\t\t<\/div>\n\t\t\t\t<\/div>\n\t\t\t\t\t\t<\/div>\n\t\t\t\t\t<\/div>\n\t\t<\/div>\n\t\t\t\t\t\t\t\t<\/div>\n\t\t\t\t\t<\/div>\n\t\t<\/section>\n\t\t\t\t\t\t<\/div>\n\t\t\t\t\t\t<\/div>\n\t\t\t\t\t<\/div>\n\t\t","protected":false},"excerpt":{"rendered":"<p>Kainos \u00a0 GRUP\u0116 \u00a0 M\u0116NESINIS MOKESTIS \u00a0 \u00a0 KAINA SU NV\u0160 SUTARTIMI \u00a0 DAR\u017dELINUKAI \u00a0 \u00a0 25 EUR \u00a0 X \u00a0 MOKYKLINIO AM\u017dIAUS GRUP\u0116S \u00a0 \u00a0 55 EUR \u00a0 40 EUR \u00a0 SUAUG\u0118 \u00a0 \u00a0 55 EUR \u00a0 X \u00a0 BANDOMOJI TRENIRUOT\u0116 VAIKAMS \u2013 NEMOKAMAI \u00a0 \u00a0 BANDOMOJI TRENIRUOT\u0116 SUAUGUSIEMS \u2013 10 EUR. \u00a0 \u00a0 [&hellip;]<\/p>\n","protected":false},"author":1,"featured_media":0,"parent":0,"menu_order":0,"comment_status":"closed","ping_status":"closed","template":"elementor_header_footer","meta":{"footnotes":""},"class_list":["post-89","page","type-page","status-publish","hentry","entry"],"_links":{"self":[{"href":"https:\/\/kumite.lt\/index.php\/wp-json\/wp\/v2\/pages\/89","targetHints":{"allow":["GET"]}}],"collection":[{"href":"https:\/\/kumite.lt\/index.php\/wp-json\/wp\/v2\/pages"}],"about":[{"href":"https:\/\/kumite.lt\/index.php\/wp-json\/wp\/v2\/types\/page"}],"author":[{"embeddable":true,"href":"https:\/\/kumite.lt\/index.php\/wp-json\/wp\/v2\/users\/1"}],"replies":[{"embeddable":true,"href":"https:\/\/kumite.lt\/index.php\/wp-json\/wp\/v2\/comments?post=89"}],"version-history":[{"count":10,"href":"https:\/\/kumite.lt\/index.php\/wp-json\/wp\/v2\/pages\/89\/revisions"}],"predecessor-version":[{"id":351,"href":"https:\/\/kumite.lt\/index.php\/wp-json\/wp\/v2\/pages\/89\/revisions\/351"}],"wp:attachment":[{"href":"https:\/\/kumite.lt\/index.php\/wp-json\/wp\/v2\/media?parent=89"}],"curies":[{"name":"wp","href":"https:\/\/api.w.org\/{rel}","templated":true}]}}