{"id":72,"date":"2021-12-27T12:43:54","date_gmt":"2021-12-27T12:43:54","guid":{"rendered":"https:\/\/kumite.lt\/?page_id=72"},"modified":"2022-01-23T12:38:07","modified_gmt":"2022-01-23T12:38:07","slug":"treniruociu-grafikas","status":"publish","type":"page","link":"https:\/\/kumite.lt\/index.php\/treniruociu-grafikas\/","title":{"rendered":"Treniruociu grafikas"},"content":{"rendered":"\t\t<div data-elementor-type=\"wp-page\" data-elementor-id=\"72\" class=\"elementor elementor-72\" data-elementor-settings=\"[]\">\n\t\t\t\t\t\t<div class=\"elementor-inner\">\n\t\t\t\t\t\t\t<div class=\"elementor-section-wrap\">\n\t\t\t\t\t\t\t<section class=\"elementor-section elementor-top-section elementor-element elementor-element-edc4dba elementor-section-boxed elementor-section-height-default elementor-section-height-default\" data-id=\"edc4dba\" data-element_type=\"section\" data-settings=\"{&quot;background_background&quot;:&quot;classic&quot;}\">\n\t\t\t\t\t\t\t<div class=\"elementor-background-overlay\"><\/div>\n\t\t\t\t\t\t\t<div class=\"elementor-container elementor-column-gap-default\">\n\t\t\t\t\t\t\t<div class=\"elementor-row\">\n\t\t\t\t\t<div class=\"elementor-column elementor-col-100 elementor-top-column elementor-element elementor-element-731e8c08\" data-id=\"731e8c08\" data-element_type=\"column\" data-settings=\"{&quot;background_background&quot;:&quot;classic&quot;}\">\n\t\t\t<div class=\"elementor-column-wrap elementor-element-populated\">\n\t\t\t\t\t\t\t<div class=\"elementor-widget-wrap\">\n\t\t\t\t\t\t<div class=\"elementor-element elementor-element-16ce609f elementor-widget elementor-widget-heading\" data-id=\"16ce609f\" data-element_type=\"widget\" data-widget_type=\"heading.default\">\n\t\t\t\t<div class=\"elementor-widget-container\">\n\t\t\t<h2 class=\"elementor-heading-title elementor-size-default\">Pasiekimai<\/h2>\t\t<\/div>\n\t\t\t\t<\/div>\n\t\t\t\t\t\t<\/div>\n\t\t\t\t\t<\/div>\n\t\t<\/div>\n\t\t\t\t\t\t\t\t<\/div>\n\t\t\t\t\t<\/div>\n\t\t<\/section>\n\t\t\t\t<section class=\"elementor-section elementor-top-section elementor-element elementor-element-d9795ad elementor-section-boxed elementor-section-height-default elementor-section-height-default\" data-id=\"d9795ad\" data-element_type=\"section\">\n\t\t\t\t\t\t<div class=\"elementor-container elementor-column-gap-default\">\n\t\t\t\t\t\t\t<div class=\"elementor-row\">\n\t\t\t\t\t<div class=\"elementor-column elementor-col-100 elementor-top-column elementor-element elementor-element-45a40025\" data-id=\"45a40025\" data-element_type=\"column\">\n\t\t\t<div class=\"elementor-column-wrap elementor-element-populated\">\n\t\t\t\t\t\t\t<div class=\"elementor-widget-wrap\">\n\t\t\t\t\t\t<div class=\"elementor-element elementor-element-001f5b2 elementor-widget elementor-widget-text-editor\" data-id=\"001f5b2\" data-element_type=\"widget\" data-widget_type=\"text-editor.default\">\n\t\t\t\t<div class=\"elementor-widget-container\">\n\t\t\t\t\t\t\t\t<div class=\"elementor-text-editor elementor-clearfix\">\n\t\t\t\t<p><strong>JONAVOS VAIK\u0172 LOP\u0160ELIS \u2013 DAR\u017dELIS \u201cDOBILAS, CHEMIK\u0172 G. 33<\/strong><\/p><table><tbody><tr><td width=\"200\"><p><strong>GRUP\u0116<\/strong><\/p><\/td><td width=\"200\"><p><strong>PIRMADIENIS<\/strong><\/p><\/td><td width=\"200\"><p><strong>TRE\u010cIADIENIS<\/strong><\/p><\/td><\/tr><tr><td width=\"200\"><p><strong>\u201c<\/strong><strong>SMAlSU\u010cIAI<\/strong><strong>\u201d<\/strong><\/p><\/td><td width=\"200\"><p>15:15 \u2013 15:45<\/p><\/td><td width=\"200\"><p>15:15 \u2013 15:45<\/p><\/td><\/tr><tr><td width=\"200\"><p><strong>\u201cDRUGELIAI\u201d<\/strong><\/p><\/td><td width=\"200\"><p>15:50 \u2013 16:20<\/p><\/td><td width=\"200\"><p>15:50 \u2013 16:20<\/p><\/td><\/tr><tr><td width=\"200\"><p><strong>\u201cPEL\u0116D\u017dIUKAI\u201d<\/strong><\/p><\/td><td width=\"200\"><p>16:25 \u2013 16:55<\/p><\/td><td width=\"200\"><p>16:25 \u2013 16:55<\/p><\/td><\/tr><tr><td width=\"200\"><p><strong>\u201cSAULUT\u0116S\u201d<\/strong><\/p><\/td><td width=\"200\"><p>17:00 \u2013 17:35<\/p><\/td><td width=\"200\"><p>17:00 \u2013 17:35<\/p><\/td><\/tr><\/tbody><\/table><p>\u00a0<\/p><p>\u00a0<\/p><p><strong>JONAVOS RAIMUNDO SAMULEVI\u010c<\/strong><strong>IAUS PROGIMNAZIJA, CHEMIK\u0172 G. 1<\/strong><strong>40<\/strong><\/p><table><tbody><tr><td width=\"200\"><p><strong>GRUP\u0116<\/strong><\/p><\/td><td width=\"200\"><p><strong>ANTRADIENIS<\/strong><\/p><\/td><td width=\"200\"><p><strong>KETVIRTADIENIS<\/strong><\/p><\/td><\/tr><tr><td width=\"200\"><p><strong>Ma<\/strong><strong>\u017eiukai<\/strong><\/p><\/td><td width=\"200\"><p>16:00 \u2013 17:00<\/p><\/td><td width=\"200\"><p>16:00 \u2013 17:00<\/p><\/td><\/tr><tr><td width=\"200\"><p><strong>Paaugliai<\/strong><strong>\u00a0<\/strong><\/p><\/td><td width=\"200\"><p>17:05 \u2013 18:20<\/p><\/td><td width=\"200\"><p>17:05 \u2013 18:20<\/p><\/td><\/tr><tr><td width=\"200\"><p><strong>Jaunimas<\/strong><strong>, <\/strong><strong>suaug\u0119<\/strong><\/p><\/td><td width=\"200\"><p>18:30 \u2013 20:00<\/p><\/td><td width=\"200\"><p>18:30 \u2013 20:00<\/p><\/td><\/tr><\/tbody><\/table><p>\u00a0<\/p><p>\u00a0<\/p><p><strong>KYOKUSHIN KARATE \u201cKUMITE\u201d KLUBO SPORTO SAL\u0116, KOSMONAUT\u0172 G. 1<\/strong><\/p><table><tbody><tr><td width=\"150\"><p><strong>GRUP\u0116<\/strong><\/p><\/td><td width=\"150\"><p><strong>PIRMADIENIS<\/strong><\/p><\/td><td width=\"150\"><p><strong>TRE\u010cIADIENIS<\/strong><\/p><\/td><td width=\"150\"><p><strong>PENKTADIENIS<\/strong><\/p><\/td><\/tr><tr><td width=\"150\"><p><strong>Ma<\/strong><strong>\u017eiukai<\/strong><\/p><\/td><td width=\"150\"><p>16:00 \u2013 17:00<\/p><\/td><td width=\"150\"><p>16:00 \u2013 17:00<\/p><\/td><td width=\"150\"><p>16:00 \u2013 17:00<\/p><\/td><\/tr><tr><td width=\"150\"><p><strong>Paaugliai<\/strong><strong>\u00a0<\/strong><\/p><\/td><td width=\"150\"><p>17:05 \u2013 18:20<\/p><\/td><td width=\"150\"><p>17:05 \u2013 18:20<\/p><\/td><td width=\"150\"><p>17:05 \u2013 18:20<\/p><\/td><\/tr><tr><td width=\"150\"><p><strong>Jaunimas<\/strong><strong>, <\/strong><strong>suaug\u0119<\/strong><\/p><\/td><td width=\"150\"><p>18:30 \u2013 20:00<\/p><\/td><td width=\"150\"><p>18:30 \u2013 20:00<\/p><\/td><td width=\"150\"><p>18:30 \u2013 20:00<\/p><\/td><\/tr><\/tbody><\/table><p>\u00a0<\/p><p>D\u0116L INDIVIDUALI\u0172 TRENIRUO\u010cI\u0172 LAIKO KREIPTIS I TRENERIUS.<\/p>\t\t\t\t\t<\/div>\n\t\t\t\t\t\t<\/div>\n\t\t\t\t<\/div>\n\t\t\t\t\t\t<\/div>\n\t\t\t\t\t<\/div>\n\t\t<\/div>\n\t\t\t\t\t\t\t\t<\/div>\n\t\t\t\t\t<\/div>\n\t\t<\/section>\n\t\t\t\t\t\t<\/div>\n\t\t\t\t\t\t<\/div>\n\t\t\t\t\t<\/div>\n\t\t","protected":false},"excerpt":{"rendered":"<p>Pasiekimai JONAVOS VAIK\u0172 LOP\u0160ELIS \u2013 DAR\u017dELIS \u201cDOBILAS, CHEMIK\u0172 G. 33 GRUP\u0116 PIRMADIENIS TRE\u010cIADIENIS \u201cSMAlSU\u010cIAI\u201d 15:15 \u2013 15:45 15:15 \u2013 15:45 \u201cDRUGELIAI\u201d 15:50 \u2013 16:20 15:50 \u2013 16:20 \u201cPEL\u0116D\u017dIUKAI\u201d 16:25 \u2013 16:55 16:25 \u2013 16:55 \u201cSAULUT\u0116S\u201d 17:00 \u2013 17:35 17:00 \u2013 17:35 \u00a0 \u00a0 JONAVOS RAIMUNDO SAMULEVI\u010cIAUS PROGIMNAZIJA, CHEMIK\u0172 G. 140 GRUP\u0116 ANTRADIENIS KETVIRTADIENIS Ma\u017eiukai 16:00 [&hellip;]<\/p>\n","protected":false},"author":1,"featured_media":0,"parent":0,"menu_order":0,"comment_status":"closed","ping_status":"closed","template":"elementor_header_footer","meta":{"footnotes":""},"class_list":["post-72","page","type-page","status-publish","hentry","entry"],"_links":{"self":[{"href":"https:\/\/kumite.lt\/index.php\/wp-json\/wp\/v2\/pages\/72","targetHints":{"allow":["GET"]}}],"collection":[{"href":"https:\/\/kumite.lt\/index.php\/wp-json\/wp\/v2\/pages"}],"about":[{"href":"https:\/\/kumite.lt\/index.php\/wp-json\/wp\/v2\/types\/page"}],"author":[{"embeddable":true,"href":"https:\/\/kumite.lt\/index.php\/wp-json\/wp\/v2\/users\/1"}],"replies":[{"embeddable":true,"href":"https:\/\/kumite.lt\/index.php\/wp-json\/wp\/v2\/comments?post=72"}],"version-history":[{"count":7,"href":"https:\/\/kumite.lt\/index.php\/wp-json\/wp\/v2\/pages\/72\/revisions"}],"predecessor-version":[{"id":220,"href":"https:\/\/kumite.lt\/index.php\/wp-json\/wp\/v2\/pages\/72\/revisions\/220"}],"wp:attachment":[{"href":"https:\/\/kumite.lt\/index.php\/wp-json\/wp\/v2\/media?parent=72"}],"curies":[{"name":"wp","href":"https:\/\/api.w.org\/{rel}","templated":true}]}}