{"id":159,"date":"2021-12-27T13:22:10","date_gmt":"2021-12-27T13:22:10","guid":{"rendered":"https:\/\/kumite.lt\/?page_id=159"},"modified":"2022-11-13T11:43:57","modified_gmt":"2022-11-13T11:43:57","slug":"pagrindinis","status":"publish","type":"page","link":"https:\/\/kumite.lt\/","title":{"rendered":"Pagrindinis"},"content":{"rendered":"\t\t<div data-elementor-type=\"wp-page\" data-elementor-id=\"159\" class=\"elementor elementor-159\" data-elementor-settings=\"[]\">\n\t\t\t\t\t\t<div class=\"elementor-inner\">\n\t\t\t\t\t\t\t<div class=\"elementor-section-wrap\">\n\t\t\t\t\t\t\t<section class=\"elementor-section elementor-top-section elementor-element elementor-element-c95ab91 elementor-section-boxed elementor-section-height-default elementor-section-height-default\" data-id=\"c95ab91\" data-element_type=\"section\">\n\t\t\t\t\t\t<div class=\"elementor-container elementor-column-gap-default\">\n\t\t\t\t\t\t\t<div class=\"elementor-row\">\n\t\t\t\t\t<div class=\"elementor-column elementor-col-100 elementor-top-column elementor-element elementor-element-68bd42f\" data-id=\"68bd42f\" data-element_type=\"column\">\n\t\t\t<div class=\"elementor-column-wrap elementor-element-populated\">\n\t\t\t\t\t\t\t<div class=\"elementor-widget-wrap\">\n\t\t\t\t\t\t<div class=\"elementor-element elementor-element-f3e1879 elementor-widget elementor-widget-image\" data-id=\"f3e1879\" data-element_type=\"widget\" data-widget_type=\"image.default\">\n\t\t\t\t<div class=\"elementor-widget-container\">\n\t\t\t\t\t\t\t\t<div class=\"elementor-image\">\n\t\t\t\t\t\t\t\t\t\t\t\t<img loading=\"lazy\" decoding=\"async\" width=\"768\" height=\"471\" src=\"https:\/\/kumite.lt\/wp-content\/uploads\/2022\/10\/treniruokliusale-768x471.jpg\" class=\"attachment-medium_large size-medium_large\" alt=\"\" srcset=\"https:\/\/kumite.lt\/wp-content\/uploads\/2022\/10\/treniruokliusale-768x471.jpg 768w, https:\/\/kumite.lt\/wp-content\/uploads\/2022\/10\/treniruokliusale-300x184.jpg 300w, https:\/\/kumite.lt\/wp-content\/uploads\/2022\/10\/treniruokliusale-1024x628.jpg 1024w, https:\/\/kumite.lt\/wp-content\/uploads\/2022\/10\/treniruokliusale-1536x941.jpg 1536w, https:\/\/kumite.lt\/wp-content\/uploads\/2022\/10\/treniruokliusale-2048x1255.jpg 2048w\" sizes=\"auto, (max-width: 768px) 100vw, 768px\" \/>\t\t\t\t\t\t\t\t\t\t\t\t\t\t<\/div>\n\t\t\t\t\t\t<\/div>\n\t\t\t\t<\/div>\n\t\t\t\t\t\t<\/div>\n\t\t\t\t\t<\/div>\n\t\t<\/div>\n\t\t\t\t\t\t\t\t<\/div>\n\t\t\t\t\t<\/div>\n\t\t<\/section>\n\t\t\t\t<section class=\"elementor-section elementor-top-section elementor-element elementor-element-1ee69c2 elementor-section-boxed elementor-section-height-default elementor-section-height-default\" data-id=\"1ee69c2\" data-element_type=\"section\">\n\t\t\t\t\t\t\t<div class=\"elementor-background-overlay\"><\/div>\n\t\t\t\t\t\t\t<div class=\"elementor-container elementor-column-gap-default\">\n\t\t\t\t\t\t\t<div class=\"elementor-row\">\n\t\t\t\t\t<div class=\"elementor-column elementor-col-100 elementor-top-column elementor-element elementor-element-3a893771\" data-id=\"3a893771\" data-element_type=\"column\">\n\t\t\t<div class=\"elementor-column-wrap elementor-element-populated\">\n\t\t\t\t\t\t\t<div class=\"elementor-widget-wrap\">\n\t\t\t\t\t\t<div class=\"elementor-element elementor-element-185b6244 animated-slow elementor-invisible elementor-widget elementor-widget-heading\" data-id=\"185b6244\" data-element_type=\"widget\" data-settings=\"{&quot;_animation&quot;:&quot;fadeInUp&quot;}\" data-widget_type=\"heading.default\">\n\t\t\t\t<div class=\"elementor-widget-container\">\n\t\t\t<h5 class=\"elementor-heading-title elementor-size-default\">M\u016bs\u0173 tinklara\u0161tis<\/h5>\t\t<\/div>\n\t\t\t\t<\/div>\n\t\t\t\t<div class=\"elementor-element elementor-element-3346573c elementor-widget elementor-widget-heading\" data-id=\"3346573c\" data-element_type=\"widget\" data-widget_type=\"heading.default\">\n\t\t\t\t<div class=\"elementor-widget-container\">\n\t\t\t<h2 class=\"elementor-heading-title elementor-size-default\">Naujausi dienora\u0161\u010diai ir straipsniai<\/h2>\t\t<\/div>\n\t\t\t\t<\/div>\n\t\t\t\t<div class=\"elementor-element elementor-element-4d0193c8 elementor-widget elementor-widget-text-editor\" data-id=\"4d0193c8\" data-element_type=\"widget\" data-widget_type=\"text-editor.default\">\n\t\t\t\t<div class=\"elementor-widget-container\">\n\t\t\t\t\t\t\t\t<div class=\"elementor-text-editor elementor-clearfix\">\n\t\t\t\t\t\t\t\t\t<\/div>\n\t\t\t\t\t\t<\/div>\n\t\t\t\t<\/div>\n\t\t\t\t<section class=\"elementor-section elementor-inner-section elementor-element elementor-element-35537cd3 animated-slow elementor-section-boxed elementor-section-height-default elementor-section-height-default elementor-invisible\" data-id=\"35537cd3\" data-element_type=\"section\" data-settings=\"{&quot;animation&quot;:&quot;fadeInUp&quot;}\">\n\t\t\t\t\t\t<div class=\"elementor-container elementor-column-gap-no\">\n\t\t\t\t\t\t\t<div class=\"elementor-row\">\n\t\t\t\t\t<div class=\"elementor-column elementor-col-100 elementor-inner-column elementor-element elementor-element-4cc27732\" data-id=\"4cc27732\" data-element_type=\"column\">\n\t\t\t<div class=\"elementor-column-wrap elementor-element-populated\">\n\t\t\t\t\t\t\t<div class=\"elementor-widget-wrap\">\n\t\t\t\t\t\t<div class=\"elementor-element elementor-element-65d99e6f elementor-widget elementor-widget-jkit_post_block\" data-id=\"65d99e6f\" data-element_type=\"widget\" data-widget_type=\"jkit_post_block.default\">\n\t\t\t\t<div class=\"elementor-widget-container\">\n\t\t\t<div  class=\"jeg-elementor-kit jkit-postblock postblock-type-3 jkit-pagination-disable post-element jeg_module___69e0db85854bd\"  data-id=\"jeg_module___69e0db85854bd\" data-settings=\"{&quot;post_type&quot;:&quot;post&quot;,&quot;number_post&quot;:{&quot;unit&quot;:&quot;px&quot;,&quot;size&quot;:3,&quot;sizes&quot;:[]},&quot;post_offset&quot;:0,&quot;unique_content&quot;:&quot;disable&quot;,&quot;include_post&quot;:&quot;&quot;,&quot;exclude_post&quot;:&quot;&quot;,&quot;include_category&quot;:&quot;&quot;,&quot;exclude_category&quot;:&quot;&quot;,&quot;include_author&quot;:&quot;&quot;,&quot;include_tag&quot;:&quot;&quot;,&quot;exclude_tag&quot;:&quot;&quot;,&quot;sort_by&quot;:&quot;latest&quot;,&quot;pagination_mode&quot;:&quot;disable&quot;,&quot;pagination_loadmore_text&quot;:&quot;Load More&quot;,&quot;pagination_loading_text&quot;:&quot;Loading...&quot;,&quot;pagination_number_post&quot;:{&quot;unit&quot;:&quot;px&quot;,&quot;size&quot;:3,&quot;sizes&quot;:[]},&quot;pagination_scroll_limit&quot;:0,&quot;pagination_icon&quot;:{&quot;value&quot;:&quot;&quot;,&quot;library&quot;:&quot;&quot;},&quot;pagination_icon_position&quot;:&quot;before&quot;,&quot;st_category_position&quot;:&quot;left&quot;,&quot;sg_content_postblock_type&quot;:&quot;type-3&quot;,&quot;sg_content_title_html_tag&quot;:&quot;h4&quot;,&quot;sg_content_category_enable&quot;:&quot;&quot;,&quot;sg_content_excerpt_enable&quot;:&quot;yes&quot;,&quot;sg_content_excerpt_length&quot;:{&quot;unit&quot;:&quot;px&quot;,&quot;size&quot;:19,&quot;sizes&quot;:[]},&quot;sg_content_excerpt_more&quot;:&quot;...&quot;,&quot;sg_content_readmore_enable&quot;:&quot;yes&quot;,&quot;sg_content_readmore_icon&quot;:{&quot;value&quot;:&quot;fas fa-arrow-right&quot;,&quot;library&quot;:&quot;fa-solid&quot;},&quot;sg_content_readmore_icon_position&quot;:&quot;after&quot;,&quot;sg_content_readmore_text&quot;:&quot;Skaityti daugiau&quot;,&quot;sg_content_comment_heading&quot;:&quot;&quot;,&quot;sg_content_comment_enable&quot;:&quot;&quot;,&quot;sg_content_comment_icon&quot;:{&quot;value&quot;:&quot;fas fa-comment&quot;,&quot;library&quot;:&quot;fa-solid&quot;},&quot;sg_content_comment_icon_position&quot;:&quot;before&quot;,&quot;sg_content_meta_enable&quot;:&quot;&quot;,&quot;sg_content_meta_author_enable&quot;:&quot;&quot;,&quot;sg_content_meta_author_by_text&quot;:&quot;by&quot;,&quot;sg_content_meta_author_icon&quot;:{&quot;value&quot;:&quot;fas fa-user&quot;,&quot;library&quot;:&quot;fa-solid&quot;},&quot;sg_content_meta_author_icon_position&quot;:&quot;before&quot;,&quot;sg_content_meta_date_enable&quot;:&quot;&quot;,&quot;sg_content_meta_date_type&quot;:&quot;published&quot;,&quot;sg_content_meta_date_format&quot;:&quot;default&quot;,&quot;sg_content_meta_date_format_custom&quot;:&quot;F j, Y&quot;,&quot;sg_content_meta_date_icon&quot;:{&quot;value&quot;:&quot;fas fa-clock&quot;,&quot;library&quot;:&quot;fa-solid&quot;},&quot;sg_content_meta_date_icon_position&quot;:&quot;before&quot;,&quot;sg_content_image_size_imagesize_size&quot;:&quot;full&quot;,&quot;paged&quot;:1,&quot;class&quot;:&quot;jkit_post_block&quot;}\"><div class=\"jkit-block-container\">\n            <div class=\"jkit-posts jkit-ajax-flag\">\n            <article class=\"jkit-post post-953 post type-post status-publish format-standard has-post-thumbnail hentry category-uncategorized\">\n                    <div class=\"jkit-thumb\"><a href=\"https:\/\/kumite.lt\/index.php\/2025\/04\/28\/auksas-ir-bronza-europos-2025m-jauniu-cempionate\/\"><div class=\"thumbnail-container \">\n            <img loading=\"lazy\" decoding=\"async\" width=\"1424\" height=\"1066\" src=\"https:\/\/kumite.lt\/wp-content\/uploads\/2025\/04\/Screenshot-2025-04-28-at-22.52.21.png\" class=\"attachment-full size-full wp-post-image\" alt=\"\" srcset=\"https:\/\/kumite.lt\/wp-content\/uploads\/2025\/04\/Screenshot-2025-04-28-at-22.52.21.png 1424w, https:\/\/kumite.lt\/wp-content\/uploads\/2025\/04\/Screenshot-2025-04-28-at-22.52.21-300x225.png 300w, https:\/\/kumite.lt\/wp-content\/uploads\/2025\/04\/Screenshot-2025-04-28-at-22.52.21-1024x767.png 1024w, https:\/\/kumite.lt\/wp-content\/uploads\/2025\/04\/Screenshot-2025-04-28-at-22.52.21-768x575.png 768w\" sizes=\"auto, (max-width: 1424px) 100vw, 1424px\" \/>\n        <\/div><\/a><\/div>\n                    <div class=\"jkit-postblock-content\"><h4 class=\"jkit-post-title\"><a href=\"https:\/\/kumite.lt\/index.php\/2025\/04\/28\/auksas-ir-bronza-europos-2025m-jauniu-cempionate\/\">Auksas ir Bronza Europos 2025m. Jauni\u0173 \u010cempionate<\/a><\/h4>\n                <div class=\"jkit-post-excerpt\"><p>Baland\u017eio 25-26 d. Klaip\u0117dos \u201e\u0160vyturio\u201c arenoje vyko Europos kioku\u0161in karat\u0117 U-16 ir U-20 \u010dempionatas, kuriame dalyvavo net 398 sportininkai...<\/p><\/div>\n            <div class=\"jkit-post-meta-bottom\">\n                <div class=\"jkit-meta-readmore icon-position-after\">\n                <a href=\"https:\/\/kumite.lt\/index.php\/2025\/04\/28\/auksas-ir-bronza-europos-2025m-jauniu-cempionate\/\" class=\"jkit-readmore\">Skaityti daugiau<i aria-hidden=\"true\" class=\"fas fa-arrow-right\"><\/i><\/a>\n            <\/div>\n            <\/div><\/div>\n                <\/article><article class=\"jkit-post post-947 post type-post status-publish format-standard has-post-thumbnail hentry category-uncategorized\">\n                    <div class=\"jkit-thumb\"><a href=\"https:\/\/kumite.lt\/index.php\/2025\/03\/02\/benas-cekanavicius-lietuvos-suaugusiuju-vicecempionas\/\"><div class=\"thumbnail-container \">\n            <img loading=\"lazy\" decoding=\"async\" width=\"2560\" height=\"1922\" src=\"https:\/\/kumite.lt\/wp-content\/uploads\/2025\/03\/IMG_1569-scaled.jpg\" class=\"attachment-full size-full wp-post-image\" alt=\"\" srcset=\"https:\/\/kumite.lt\/wp-content\/uploads\/2025\/03\/IMG_1569-scaled.jpg 2560w, https:\/\/kumite.lt\/wp-content\/uploads\/2025\/03\/IMG_1569-300x225.jpg 300w, https:\/\/kumite.lt\/wp-content\/uploads\/2025\/03\/IMG_1569-1024x769.jpg 1024w, https:\/\/kumite.lt\/wp-content\/uploads\/2025\/03\/IMG_1569-768x577.jpg 768w, https:\/\/kumite.lt\/wp-content\/uploads\/2025\/03\/IMG_1569-1536x1153.jpg 1536w, https:\/\/kumite.lt\/wp-content\/uploads\/2025\/03\/IMG_1569-2048x1538.jpg 2048w\" sizes=\"auto, (max-width: 2560px) 100vw, 2560px\" \/>\n        <\/div><\/a><\/div>\n                    <div class=\"jkit-postblock-content\"><h4 class=\"jkit-post-title\"><a href=\"https:\/\/kumite.lt\/index.php\/2025\/03\/02\/benas-cekanavicius-lietuvos-suaugusiuju-vicecempionas\/\">Benas \u010cekanavi\u010dius &#8211; Lietuvos Suaugusi\u0173j\u0173 Vice\u010dempionas<\/a><\/h4>\n                <div class=\"jkit-post-excerpt\"><p>Lietuvos suaugusi\u0173j\u0173 \u010dempionatas. Benas i\u0161kovojo vice\u010dempiono titul\u0105 svorio kategorijoje vir\u0161 90 kg. Pirmoje kovoje nugal\u0117jo kovotoj\u0105 i\u0161 Vilniaus, kov\u0105...<\/p><\/div>\n            <div class=\"jkit-post-meta-bottom\">\n                <div class=\"jkit-meta-readmore icon-position-after\">\n                <a href=\"https:\/\/kumite.lt\/index.php\/2025\/03\/02\/benas-cekanavicius-lietuvos-suaugusiuju-vicecempionas\/\" class=\"jkit-readmore\">Skaityti daugiau<i aria-hidden=\"true\" class=\"fas fa-arrow-right\"><\/i><\/a>\n            <\/div>\n            <\/div><\/div>\n                <\/article><article class=\"jkit-post post-931 post type-post status-publish format-standard has-post-thumbnail hentry category-uncategorized\">\n                    <div class=\"jkit-thumb\"><a href=\"https:\/\/kumite.lt\/index.php\/2025\/02\/09\/iskovoti-kelialapiai-i-europos-cempionata\/\"><div class=\"thumbnail-container \">\n            <img loading=\"lazy\" decoding=\"async\" width=\"1538\" height=\"2048\" src=\"https:\/\/kumite.lt\/wp-content\/uploads\/2025\/02\/IMG_1439.jpg\" class=\"attachment-full size-full wp-post-image\" alt=\"\" srcset=\"https:\/\/kumite.lt\/wp-content\/uploads\/2025\/02\/IMG_1439.jpg 1538w, https:\/\/kumite.lt\/wp-content\/uploads\/2025\/02\/IMG_1439-225x300.jpg 225w, https:\/\/kumite.lt\/wp-content\/uploads\/2025\/02\/IMG_1439-769x1024.jpg 769w, https:\/\/kumite.lt\/wp-content\/uploads\/2025\/02\/IMG_1439-768x1023.jpg 768w, https:\/\/kumite.lt\/wp-content\/uploads\/2025\/02\/IMG_1439-1154x1536.jpg 1154w\" sizes=\"auto, (max-width: 1538px) 100vw, 1538px\" \/>\n        <\/div><\/a><\/div>\n                    <div class=\"jkit-postblock-content\"><h4 class=\"jkit-post-title\"><a href=\"https:\/\/kumite.lt\/index.php\/2025\/02\/09\/iskovoti-kelialapiai-i-europos-cempionata\/\">I\u0161kovoti kelialapiai \u012f Europos \u010dempionat\u0105!<\/a><\/h4>\n                <div class=\"jkit-post-excerpt\"><p>I\u0161kovoti 3 kelialapiai \u012f Europos \u010dempionat\u0105!!! Markas \u010cekanavi\u010dius - laim\u0117tos 5 kovos. Michail Mitiulin - laim\u0117tos dvi kovos. Dominykas...<\/p><\/div>\n            <div class=\"jkit-post-meta-bottom\">\n                <div class=\"jkit-meta-readmore icon-position-after\">\n                <a href=\"https:\/\/kumite.lt\/index.php\/2025\/02\/09\/iskovoti-kelialapiai-i-europos-cempionata\/\" class=\"jkit-readmore\">Skaityti daugiau<i aria-hidden=\"true\" class=\"fas fa-arrow-right\"><\/i><\/a>\n            <\/div>\n            <\/div><\/div>\n                <\/article>\n        <\/div>\n        <\/div><\/div>\t\t<\/div>\n\t\t\t\t<\/div>\n\t\t\t\t\t\t<\/div>\n\t\t\t\t\t<\/div>\n\t\t<\/div>\n\t\t\t\t\t\t\t\t<\/div>\n\t\t\t\t\t<\/div>\n\t\t<\/section>\n\t\t\t\t\t\t<\/div>\n\t\t\t\t\t<\/div>\n\t\t<\/div>\n\t\t\t\t\t\t\t\t<\/div>\n\t\t\t\t\t<\/div>\n\t\t<\/section>\n\t\t\t\t\t\t<\/div>\n\t\t\t\t\t\t<\/div>\n\t\t\t\t\t<\/div>\n\t\t","protected":false},"excerpt":{"rendered":"<p>M\u016bs\u0173 tinklara\u0161tis Naujausi dienora\u0161\u010diai ir straipsniai edit post Rifo taur\u0117 2022 Skaityti daugiau edit post U-16, U-18, U-20 Lietuvos \u010dempionatas Gegu\u017e\u0117s 7-\u0105j\u0105, K\u0117dainiuose vyko\u00a0Lietuvos kyokushin karate U-16, U-18, U-20 \u010dempionatas. Jame Jonavos\u00a0kyokushin karate ,,Kumite&#8221; klubo atstovai i\u0161kovojo tris kelialapius&#8230; Skaityti daugiau edit post &#8220;Rifo&#8221; taur\u0117 Gegu\u017e\u0117s 8-\u0105j\u0105 Kaune vyko karate var\u017eybos ,,Rifo taur\u0117&#8221;. Jose dalyvavo [&hellip;]<\/p>\n","protected":false},"author":1,"featured_media":0,"parent":0,"menu_order":0,"comment_status":"closed","ping_status":"closed","template":"elementor_header_footer","meta":{"footnotes":""},"class_list":["post-159","page","type-page","status-publish","hentry","entry"],"_links":{"self":[{"href":"https:\/\/kumite.lt\/index.php\/wp-json\/wp\/v2\/pages\/159","targetHints":{"allow":["GET"]}}],"collection":[{"href":"https:\/\/kumite.lt\/index.php\/wp-json\/wp\/v2\/pages"}],"about":[{"href":"https:\/\/kumite.lt\/index.php\/wp-json\/wp\/v2\/types\/page"}],"author":[{"embeddable":true,"href":"https:\/\/kumite.lt\/index.php\/wp-json\/wp\/v2\/users\/1"}],"replies":[{"embeddable":true,"href":"https:\/\/kumite.lt\/index.php\/wp-json\/wp\/v2\/comments?post=159"}],"version-history":[{"count":73,"href":"https:\/\/kumite.lt\/index.php\/wp-json\/wp\/v2\/pages\/159\/revisions"}],"predecessor-version":[{"id":471,"href":"https:\/\/kumite.lt\/index.php\/wp-json\/wp\/v2\/pages\/159\/revisions\/471"}],"wp:attachment":[{"href":"https:\/\/kumite.lt\/index.php\/wp-json\/wp\/v2\/media?parent=159"}],"curies":[{"name":"wp","href":"https:\/\/api.w.org\/{rel}","templated":true}]}}