{"id":147,"date":"2021-12-27T13:17:09","date_gmt":"2021-12-27T13:17:09","guid":{"rendered":"https:\/\/kumite.lt\/?page_id=147"},"modified":"2022-11-13T12:19:09","modified_gmt":"2022-11-13T12:19:09","slug":"renginiai","status":"publish","type":"page","link":"https:\/\/kumite.lt\/index.php\/renginiai\/","title":{"rendered":"Renginiai"},"content":{"rendered":"\t\t<div data-elementor-type=\"wp-page\" data-elementor-id=\"147\" class=\"elementor elementor-147\" data-elementor-settings=\"[]\">\n\t\t\t\t\t\t<div class=\"elementor-inner\">\n\t\t\t\t\t\t\t<div class=\"elementor-section-wrap\">\n\t\t\t\t\t\t\t<section class=\"elementor-section elementor-top-section elementor-element elementor-element-498a95a elementor-section-boxed elementor-section-height-default elementor-section-height-default\" data-id=\"498a95a\" data-element_type=\"section\">\n\t\t\t\t\t\t<div class=\"elementor-container elementor-column-gap-default\">\n\t\t\t\t\t\t\t<div class=\"elementor-row\">\n\t\t\t\t\t<div class=\"elementor-column elementor-col-100 elementor-top-column elementor-element elementor-element-ae6ad70\" data-id=\"ae6ad70\" data-element_type=\"column\">\n\t\t\t<div class=\"elementor-column-wrap elementor-element-populated\">\n\t\t\t\t\t\t\t<div class=\"elementor-widget-wrap\">\n\t\t\t\t\t\t<div class=\"elementor-element elementor-element-c3261d0 elementor-widget elementor-widget-heading\" data-id=\"c3261d0\" data-element_type=\"widget\" data-widget_type=\"heading.default\">\n\t\t\t\t<div class=\"elementor-widget-container\">\n\t\t\t<h2 class=\"elementor-heading-title elementor-size-default\">Lietuvos Kyokushin Karate federacijos renginiai<\/h2>\t\t<\/div>\n\t\t\t\t<\/div>\n\t\t\t\t\t\t<\/div>\n\t\t\t\t\t<\/div>\n\t\t<\/div>\n\t\t\t\t\t\t\t\t<\/div>\n\t\t\t\t\t<\/div>\n\t\t<\/section>\n\t\t\t\t<section class=\"elementor-section elementor-top-section elementor-element elementor-element-79e7bfb elementor-section-boxed elementor-section-height-default elementor-section-height-default\" data-id=\"79e7bfb\" data-element_type=\"section\">\n\t\t\t\t\t\t<div class=\"elementor-container elementor-column-gap-default\">\n\t\t\t\t\t\t\t<div class=\"elementor-row\">\n\t\t\t\t\t<div class=\"elementor-column elementor-col-100 elementor-top-column elementor-element elementor-element-866fd2c\" data-id=\"866fd2c\" data-element_type=\"column\">\n\t\t\t<div class=\"elementor-column-wrap elementor-element-populated\">\n\t\t\t\t\t\t\t<div class=\"elementor-widget-wrap\">\n\t\t\t\t\t\t<div class=\"elementor-element elementor-element-171b749 elementor-widget elementor-widget-image\" data-id=\"171b749\" data-element_type=\"widget\" data-widget_type=\"image.default\">\n\t\t\t\t<div class=\"elementor-widget-container\">\n\t\t\t\t\t\t\t\t<div class=\"elementor-image\">\n\t\t\t\t\t\t\t\t\t\t\t\t<img loading=\"lazy\" decoding=\"async\" width=\"652\" height=\"1024\" src=\"https:\/\/kumite.lt\/wp-content\/uploads\/2022\/05\/281567214_535102154832264_7462967131566846522_n-652x1024.jpg\" class=\"attachment-large size-large\" alt=\"\" srcset=\"https:\/\/kumite.lt\/wp-content\/uploads\/2022\/05\/281567214_535102154832264_7462967131566846522_n-652x1024.jpg 652w, https:\/\/kumite.lt\/wp-content\/uploads\/2022\/05\/281567214_535102154832264_7462967131566846522_n-191x300.jpg 191w, https:\/\/kumite.lt\/wp-content\/uploads\/2022\/05\/281567214_535102154832264_7462967131566846522_n-768x1206.jpg 768w, https:\/\/kumite.lt\/wp-content\/uploads\/2022\/05\/281567214_535102154832264_7462967131566846522_n-978x1536.jpg 978w, https:\/\/kumite.lt\/wp-content\/uploads\/2022\/05\/281567214_535102154832264_7462967131566846522_n.jpg 1022w\" sizes=\"auto, (max-width: 652px) 100vw, 652px\" \/>\t\t\t\t\t\t\t\t\t\t\t\t\t\t<\/div>\n\t\t\t\t\t\t<\/div>\n\t\t\t\t<\/div>\n\t\t\t\t\t\t<\/div>\n\t\t\t\t\t<\/div>\n\t\t<\/div>\n\t\t\t\t\t\t\t\t<\/div>\n\t\t\t\t\t<\/div>\n\t\t<\/section>\n\t\t\t\t<section class=\"elementor-section elementor-top-section elementor-element elementor-element-5f46eea2 elementor-section-boxed elementor-section-height-default elementor-section-height-default\" data-id=\"5f46eea2\" data-element_type=\"section\" data-settings=\"{&quot;background_background&quot;:&quot;classic&quot;}\">\n\t\t\t\t\t\t<div class=\"elementor-container elementor-column-gap-default\">\n\t\t\t\t\t\t\t<div class=\"elementor-row\">\n\t\t\t\t\t<div class=\"elementor-column elementor-col-100 elementor-top-column elementor-element elementor-element-516607df\" data-id=\"516607df\" data-element_type=\"column\">\n\t\t\t<div class=\"elementor-column-wrap elementor-element-populated\">\n\t\t\t\t\t\t\t<div class=\"elementor-widget-wrap\">\n\t\t\t\t\t\t<section class=\"elementor-section elementor-inner-section elementor-element elementor-element-36c51849 elementor-section-boxed elementor-section-height-default elementor-section-height-default\" data-id=\"36c51849\" data-element_type=\"section\">\n\t\t\t\t\t\t<div class=\"elementor-container elementor-column-gap-no\">\n\t\t\t\t\t\t\t<div class=\"elementor-row\">\n\t\t\t\t\t<div class=\"elementor-column elementor-col-100 elementor-inner-column elementor-element elementor-element-74d71228\" data-id=\"74d71228\" data-element_type=\"column\">\n\t\t\t<div class=\"elementor-column-wrap elementor-element-populated\">\n\t\t\t\t\t\t\t<div class=\"elementor-widget-wrap\">\n\t\t\t\t\t\t<div class=\"elementor-element elementor-element-ff88ed5 elementor-widget elementor-widget-image\" data-id=\"ff88ed5\" data-element_type=\"widget\" data-widget_type=\"image.default\">\n\t\t\t\t<div class=\"elementor-widget-container\">\n\t\t\t\t\t\t\t\t<div class=\"elementor-image\">\n\t\t\t\t\t\t\t\t\t\t\t\t<img loading=\"lazy\" decoding=\"async\" width=\"1024\" height=\"628\" src=\"https:\/\/kumite.lt\/wp-content\/uploads\/2022\/10\/treniruokliusale-1024x628.jpg\" class=\"attachment-large size-large\" alt=\"\" srcset=\"https:\/\/kumite.lt\/wp-content\/uploads\/2022\/10\/treniruokliusale-1024x628.jpg 1024w, https:\/\/kumite.lt\/wp-content\/uploads\/2022\/10\/treniruokliusale-300x184.jpg 300w, https:\/\/kumite.lt\/wp-content\/uploads\/2022\/10\/treniruokliusale-768x471.jpg 768w, https:\/\/kumite.lt\/wp-content\/uploads\/2022\/10\/treniruokliusale-1536x941.jpg 1536w, https:\/\/kumite.lt\/wp-content\/uploads\/2022\/10\/treniruokliusale-2048x1255.jpg 2048w\" sizes=\"auto, (max-width: 1024px) 100vw, 1024px\" \/>\t\t\t\t\t\t\t\t\t\t\t\t\t\t<\/div>\n\t\t\t\t\t\t<\/div>\n\t\t\t\t<\/div>\n\t\t\t\t<div class=\"elementor-element elementor-element-ebd352e elementor-widget elementor-widget-spacer\" data-id=\"ebd352e\" data-element_type=\"widget\" data-widget_type=\"spacer.default\">\n\t\t\t\t<div class=\"elementor-widget-container\">\n\t\t\t\t\t<div class=\"elementor-spacer\">\n\t\t\t<div class=\"elementor-spacer-inner\"><\/div>\n\t\t<\/div>\n\t\t\t\t<\/div>\n\t\t\t\t<\/div>\n\t\t\t\t<div class=\"elementor-element elementor-element-355b99c2 elementor-widget elementor-widget-jkit_post_block\" data-id=\"355b99c2\" data-element_type=\"widget\" data-widget_type=\"jkit_post_block.default\">\n\t\t\t\t<div class=\"elementor-widget-container\">\n\t\t\t<div  class=\"jeg-elementor-kit jkit-postblock postblock-type-2 jkit-pagination-disable post-element jeg_module___69e37cd1f05f8\"  data-id=\"jeg_module___69e37cd1f05f8\" data-settings=\"{&quot;post_type&quot;:&quot;post&quot;,&quot;number_post&quot;:{&quot;unit&quot;:&quot;px&quot;,&quot;size&quot;:1,&quot;sizes&quot;:[]},&quot;post_offset&quot;:0,&quot;unique_content&quot;:&quot;disable&quot;,&quot;include_post&quot;:&quot;&quot;,&quot;exclude_post&quot;:&quot;&quot;,&quot;include_category&quot;:&quot;&quot;,&quot;exclude_category&quot;:&quot;&quot;,&quot;include_author&quot;:&quot;&quot;,&quot;include_tag&quot;:&quot;&quot;,&quot;exclude_tag&quot;:&quot;&quot;,&quot;sort_by&quot;:&quot;latest&quot;,&quot;pagination_mode&quot;:&quot;disable&quot;,&quot;pagination_loadmore_text&quot;:&quot;Load More&quot;,&quot;pagination_loading_text&quot;:&quot;Loading...&quot;,&quot;pagination_number_post&quot;:{&quot;unit&quot;:&quot;px&quot;,&quot;size&quot;:3,&quot;sizes&quot;:[]},&quot;pagination_scroll_limit&quot;:0,&quot;pagination_icon&quot;:{&quot;value&quot;:&quot;&quot;,&quot;library&quot;:&quot;&quot;},&quot;pagination_icon_position&quot;:&quot;before&quot;,&quot;st_category_position&quot;:&quot;left&quot;,&quot;sg_content_postblock_type&quot;:&quot;type-2&quot;,&quot;sg_content_title_html_tag&quot;:&quot;h4&quot;,&quot;sg_content_category_enable&quot;:&quot;&quot;,&quot;sg_content_excerpt_enable&quot;:&quot;yes&quot;,&quot;sg_content_excerpt_length&quot;:{&quot;unit&quot;:&quot;px&quot;,&quot;size&quot;:35,&quot;sizes&quot;:[]},&quot;sg_content_excerpt_more&quot;:&quot;...&quot;,&quot;sg_content_readmore_enable&quot;:&quot;yes&quot;,&quot;sg_content_readmore_icon&quot;:{&quot;value&quot;:&quot;fas fa-arrow-right&quot;,&quot;library&quot;:&quot;fa-solid&quot;},&quot;sg_content_readmore_icon_position&quot;:&quot;after&quot;,&quot;sg_content_readmore_text&quot;:&quot;Skaityti daugiau&quot;,&quot;sg_content_comment_heading&quot;:&quot;&quot;,&quot;sg_content_comment_enable&quot;:&quot;&quot;,&quot;sg_content_comment_icon&quot;:{&quot;value&quot;:&quot;fas fa-comment&quot;,&quot;library&quot;:&quot;fa-solid&quot;},&quot;sg_content_comment_icon_position&quot;:&quot;before&quot;,&quot;sg_content_meta_enable&quot;:&quot;yes&quot;,&quot;sg_content_meta_author_enable&quot;:&quot;&quot;,&quot;sg_content_meta_author_by_text&quot;:&quot;by&quot;,&quot;sg_content_meta_author_icon&quot;:{&quot;value&quot;:&quot;fas fa-user&quot;,&quot;library&quot;:&quot;fa-solid&quot;},&quot;sg_content_meta_author_icon_position&quot;:&quot;before&quot;,&quot;sg_content_meta_date_enable&quot;:&quot;&quot;,&quot;sg_content_meta_date_type&quot;:&quot;published&quot;,&quot;sg_content_meta_date_format&quot;:&quot;ago&quot;,&quot;sg_content_meta_date_format_custom&quot;:&quot;&quot;,&quot;sg_content_meta_date_icon&quot;:{&quot;value&quot;:&quot;&quot;,&quot;library&quot;:&quot;&quot;},&quot;sg_content_meta_date_icon_position&quot;:&quot;before&quot;,&quot;sg_content_image_size_imagesize_size&quot;:&quot;large&quot;,&quot;paged&quot;:1,&quot;class&quot;:&quot;jkit_post_block&quot;}\"><div class=\"jkit-block-container\">\n            <div class=\"jkit-posts jkit-ajax-flag\">\n            <article class=\"jkit-post post-953 post type-post status-publish format-standard has-post-thumbnail hentry category-uncategorized\">\n                    <div class=\"jkit-thumb\"><a href=\"https:\/\/kumite.lt\/index.php\/2025\/04\/28\/auksas-ir-bronza-europos-2025m-jauniu-cempionate\/\"><div class=\"thumbnail-container \">\n            <img loading=\"lazy\" decoding=\"async\" width=\"1024\" height=\"767\" src=\"https:\/\/kumite.lt\/wp-content\/uploads\/2025\/04\/Screenshot-2025-04-28-at-22.52.21-1024x767.png\" class=\"attachment-large size-large wp-post-image\" alt=\"\" srcset=\"https:\/\/kumite.lt\/wp-content\/uploads\/2025\/04\/Screenshot-2025-04-28-at-22.52.21-1024x767.png 1024w, https:\/\/kumite.lt\/wp-content\/uploads\/2025\/04\/Screenshot-2025-04-28-at-22.52.21-300x225.png 300w, https:\/\/kumite.lt\/wp-content\/uploads\/2025\/04\/Screenshot-2025-04-28-at-22.52.21-768x575.png 768w, https:\/\/kumite.lt\/wp-content\/uploads\/2025\/04\/Screenshot-2025-04-28-at-22.52.21.png 1424w\" sizes=\"auto, (max-width: 1024px) 100vw, 1024px\" \/>\n        <\/div><\/a><\/div>\n                    <div class=\"jkit-postblock-content\"><h4 class=\"jkit-post-title\"><a href=\"https:\/\/kumite.lt\/index.php\/2025\/04\/28\/auksas-ir-bronza-europos-2025m-jauniu-cempionate\/\">Auksas ir Bronza Europos 2025m. Jauni\u0173 \u010cempionate<\/a><\/h4>\n                <div class=\"jkit-post-meta\"><\/div><div class=\"jkit-post-excerpt\"><p>Baland\u017eio 25-26 d. Klaip\u0117dos \u201e\u0160vyturio\u201c arenoje vyko Europos kioku\u0161in karat\u0117 U-16 ir U-20 \u010dempionatas, kuriame dalyvavo net 398 sportininkai i\u0161 18 \u0161ali\u0173. Penktadien\u012f m\u016bs\u0173 klubui ir Lietuvos rinktinei atstovavo du sportininkai, kurie i\u0161kovojo bronzos medalius:...<\/p><\/div>\n            <div class=\"jkit-post-meta-bottom\">\n                <div class=\"jkit-meta-readmore icon-position-after\">\n                <a href=\"https:\/\/kumite.lt\/index.php\/2025\/04\/28\/auksas-ir-bronza-europos-2025m-jauniu-cempionate\/\" class=\"jkit-readmore\">Skaityti daugiau<i aria-hidden=\"true\" class=\"fas fa-arrow-right\"><\/i><\/a>\n            <\/div>\n            <\/div><\/div>\n                <\/article>\n        <\/div>\n        <\/div><\/div>\t\t<\/div>\n\t\t\t\t<\/div>\n\t\t\t\t\t\t<\/div>\n\t\t\t\t\t<\/div>\n\t\t<\/div>\n\t\t\t\t\t\t\t\t<\/div>\n\t\t\t\t\t<\/div>\n\t\t<\/section>\n\t\t\t\t<div class=\"elementor-element elementor-element-3fe7f60 elementor-widget elementor-widget-jkit_post_block\" data-id=\"3fe7f60\" data-element_type=\"widget\" data-widget_type=\"jkit_post_block.default\">\n\t\t\t\t<div class=\"elementor-widget-container\">\n\t\t\t<div  class=\"jeg-elementor-kit jkit-postblock postblock-type-2 jkit-pagination-loadmore post-element jeg_module__1_69e37cd1f2abb\"  data-id=\"jeg_module__1_69e37cd1f2abb\" data-settings=\"{&quot;post_type&quot;:&quot;post&quot;,&quot;number_post&quot;:{&quot;unit&quot;:&quot;px&quot;,&quot;size&quot;:4,&quot;sizes&quot;:[]},&quot;post_offset&quot;:1,&quot;unique_content&quot;:&quot;disable&quot;,&quot;include_post&quot;:&quot;&quot;,&quot;exclude_post&quot;:&quot;&quot;,&quot;include_category&quot;:&quot;&quot;,&quot;exclude_category&quot;:&quot;&quot;,&quot;include_author&quot;:&quot;&quot;,&quot;include_tag&quot;:&quot;&quot;,&quot;exclude_tag&quot;:&quot;&quot;,&quot;sort_by&quot;:&quot;latest&quot;,&quot;pagination_mode&quot;:&quot;loadmore&quot;,&quot;pagination_loadmore_text&quot;:&quot;Load More&quot;,&quot;pagination_loading_text&quot;:&quot;Loading...&quot;,&quot;pagination_number_post&quot;:{&quot;unit&quot;:&quot;px&quot;,&quot;size&quot;:3,&quot;sizes&quot;:[]},&quot;pagination_scroll_limit&quot;:0,&quot;pagination_icon&quot;:{&quot;value&quot;:&quot;&quot;,&quot;library&quot;:&quot;&quot;},&quot;pagination_icon_position&quot;:&quot;before&quot;,&quot;st_category_position&quot;:&quot;left&quot;,&quot;sg_content_postblock_type&quot;:&quot;type-2&quot;,&quot;sg_content_title_html_tag&quot;:&quot;h4&quot;,&quot;sg_content_category_enable&quot;:&quot;&quot;,&quot;sg_content_excerpt_enable&quot;:&quot;yes&quot;,&quot;sg_content_excerpt_length&quot;:{&quot;unit&quot;:&quot;px&quot;,&quot;size&quot;:18,&quot;sizes&quot;:[]},&quot;sg_content_excerpt_more&quot;:&quot;...&quot;,&quot;sg_content_readmore_enable&quot;:&quot;yes&quot;,&quot;sg_content_readmore_icon&quot;:{&quot;value&quot;:&quot;fas fa-arrow-right&quot;,&quot;library&quot;:&quot;fa-solid&quot;},&quot;sg_content_readmore_icon_position&quot;:&quot;after&quot;,&quot;sg_content_readmore_text&quot;:&quot;Skaityti daugiau&quot;,&quot;sg_content_comment_heading&quot;:&quot;&quot;,&quot;sg_content_comment_enable&quot;:&quot;&quot;,&quot;sg_content_comment_icon&quot;:{&quot;value&quot;:&quot;fas fa-comment&quot;,&quot;library&quot;:&quot;fa-solid&quot;},&quot;sg_content_comment_icon_position&quot;:&quot;before&quot;,&quot;sg_content_meta_enable&quot;:&quot;yes&quot;,&quot;sg_content_meta_author_enable&quot;:&quot;&quot;,&quot;sg_content_meta_author_by_text&quot;:&quot;by&quot;,&quot;sg_content_meta_author_icon&quot;:{&quot;value&quot;:&quot;fas fa-user&quot;,&quot;library&quot;:&quot;fa-solid&quot;},&quot;sg_content_meta_author_icon_position&quot;:&quot;before&quot;,&quot;sg_content_meta_date_enable&quot;:&quot;&quot;,&quot;sg_content_meta_date_type&quot;:&quot;published&quot;,&quot;sg_content_meta_date_format&quot;:&quot;default&quot;,&quot;sg_content_meta_date_format_custom&quot;:&quot;F j, Y&quot;,&quot;sg_content_meta_date_icon&quot;:{&quot;value&quot;:&quot;&quot;,&quot;library&quot;:&quot;&quot;},&quot;sg_content_meta_date_icon_position&quot;:&quot;before&quot;,&quot;sg_content_image_size_imagesize_size&quot;:&quot;medium_large&quot;,&quot;paged&quot;:1,&quot;class&quot;:&quot;jkit_post_block&quot;}\"><div class=\"jkit-block-container\">\n            <div class=\"jkit-posts jkit-ajax-flag\">\n            <article class=\"jkit-post post-947 post type-post status-publish format-standard has-post-thumbnail hentry category-uncategorized\">\n                    <div class=\"jkit-thumb\"><a href=\"https:\/\/kumite.lt\/index.php\/2025\/03\/02\/benas-cekanavicius-lietuvos-suaugusiuju-vicecempionas\/\"><div class=\"thumbnail-container \">\n            <img loading=\"lazy\" decoding=\"async\" width=\"768\" height=\"577\" src=\"https:\/\/kumite.lt\/wp-content\/uploads\/2025\/03\/IMG_1569-768x577.jpg\" class=\"attachment-medium_large size-medium_large wp-post-image\" alt=\"\" srcset=\"https:\/\/kumite.lt\/wp-content\/uploads\/2025\/03\/IMG_1569-768x577.jpg 768w, https:\/\/kumite.lt\/wp-content\/uploads\/2025\/03\/IMG_1569-300x225.jpg 300w, https:\/\/kumite.lt\/wp-content\/uploads\/2025\/03\/IMG_1569-1024x769.jpg 1024w, https:\/\/kumite.lt\/wp-content\/uploads\/2025\/03\/IMG_1569-1536x1153.jpg 1536w, https:\/\/kumite.lt\/wp-content\/uploads\/2025\/03\/IMG_1569-2048x1538.jpg 2048w\" sizes=\"auto, (max-width: 768px) 100vw, 768px\" \/>\n        <\/div><\/a><\/div>\n                    <div class=\"jkit-postblock-content\"><h4 class=\"jkit-post-title\"><a href=\"https:\/\/kumite.lt\/index.php\/2025\/03\/02\/benas-cekanavicius-lietuvos-suaugusiuju-vicecempionas\/\">Benas \u010cekanavi\u010dius &#8211; Lietuvos Suaugusi\u0173j\u0173 Vice\u010dempionas<\/a><\/h4>\n                <div class=\"jkit-post-meta\"><\/div><div class=\"jkit-post-excerpt\"><p>Lietuvos suaugusi\u0173j\u0173 \u010dempionatas. Benas i\u0161kovojo vice\u010dempiono titul\u0105 svorio kategorijoje vir\u0161 90 kg. Pirmoje kovoje nugal\u0117jo kovotoj\u0105 i\u0161 Vilniaus,...<\/p><\/div>\n            <div class=\"jkit-post-meta-bottom\">\n                <div class=\"jkit-meta-readmore icon-position-after\">\n                <a href=\"https:\/\/kumite.lt\/index.php\/2025\/03\/02\/benas-cekanavicius-lietuvos-suaugusiuju-vicecempionas\/\" class=\"jkit-readmore\">Skaityti daugiau<i aria-hidden=\"true\" class=\"fas fa-arrow-right\"><\/i><\/a>\n            <\/div>\n            <\/div><\/div>\n                <\/article><article class=\"jkit-post post-931 post type-post status-publish format-standard has-post-thumbnail hentry category-uncategorized\">\n                    <div class=\"jkit-thumb\"><a href=\"https:\/\/kumite.lt\/index.php\/2025\/02\/09\/iskovoti-kelialapiai-i-europos-cempionata\/\"><div class=\"thumbnail-container \">\n            <img loading=\"lazy\" decoding=\"async\" width=\"768\" height=\"1023\" src=\"https:\/\/kumite.lt\/wp-content\/uploads\/2025\/02\/IMG_1439-768x1023.jpg\" class=\"attachment-medium_large size-medium_large wp-post-image\" alt=\"\" srcset=\"https:\/\/kumite.lt\/wp-content\/uploads\/2025\/02\/IMG_1439-768x1023.jpg 768w, https:\/\/kumite.lt\/wp-content\/uploads\/2025\/02\/IMG_1439-225x300.jpg 225w, https:\/\/kumite.lt\/wp-content\/uploads\/2025\/02\/IMG_1439-769x1024.jpg 769w, https:\/\/kumite.lt\/wp-content\/uploads\/2025\/02\/IMG_1439-1154x1536.jpg 1154w, https:\/\/kumite.lt\/wp-content\/uploads\/2025\/02\/IMG_1439.jpg 1538w\" sizes=\"auto, (max-width: 768px) 100vw, 768px\" \/>\n        <\/div><\/a><\/div>\n                    <div class=\"jkit-postblock-content\"><h4 class=\"jkit-post-title\"><a href=\"https:\/\/kumite.lt\/index.php\/2025\/02\/09\/iskovoti-kelialapiai-i-europos-cempionata\/\">I\u0161kovoti kelialapiai \u012f Europos \u010dempionat\u0105!<\/a><\/h4>\n                <div class=\"jkit-post-meta\"><\/div><div class=\"jkit-post-excerpt\"><p>I\u0161kovoti 3 kelialapiai \u012f Europos \u010dempionat\u0105!!! Markas \u010cekanavi\u010dius - laim\u0117tos 5 kovos. Michail Mitiulin - laim\u0117tos dvi kovos....<\/p><\/div>\n            <div class=\"jkit-post-meta-bottom\">\n                <div class=\"jkit-meta-readmore icon-position-after\">\n                <a href=\"https:\/\/kumite.lt\/index.php\/2025\/02\/09\/iskovoti-kelialapiai-i-europos-cempionata\/\" class=\"jkit-readmore\">Skaityti daugiau<i aria-hidden=\"true\" class=\"fas fa-arrow-right\"><\/i><\/a>\n            <\/div>\n            <\/div><\/div>\n                <\/article><article class=\"jkit-post post-915 post type-post status-publish format-standard has-post-thumbnail hentry category-uncategorized\">\n                    <div class=\"jkit-thumb\"><a href=\"https:\/\/kumite.lt\/index.php\/2025\/01\/21\/sekmingai-islaikyti-egzaminai\/\"><div class=\"thumbnail-container \">\n            <img loading=\"lazy\" decoding=\"async\" width=\"768\" height=\"513\" src=\"https:\/\/kumite.lt\/wp-content\/uploads\/2025\/01\/473029271_610572584850485_6461895365279001680_n-768x513.jpg\" class=\"attachment-medium_large size-medium_large wp-post-image\" alt=\"\" srcset=\"https:\/\/kumite.lt\/wp-content\/uploads\/2025\/01\/473029271_610572584850485_6461895365279001680_n-768x513.jpg 768w, https:\/\/kumite.lt\/wp-content\/uploads\/2025\/01\/473029271_610572584850485_6461895365279001680_n-300x200.jpg 300w, https:\/\/kumite.lt\/wp-content\/uploads\/2025\/01\/473029271_610572584850485_6461895365279001680_n-1024x684.jpg 1024w, https:\/\/kumite.lt\/wp-content\/uploads\/2025\/01\/473029271_610572584850485_6461895365279001680_n.jpg 1080w\" sizes=\"auto, (max-width: 768px) 100vw, 768px\" \/>\n        <\/div><\/a><\/div>\n                    <div class=\"jkit-postblock-content\"><h4 class=\"jkit-post-title\"><a href=\"https:\/\/kumite.lt\/index.php\/2025\/01\/21\/sekmingai-islaikyti-egzaminai\/\">S\u0117kmingai i\u0161laikyti egzaminai<\/a><\/h4>\n                <div class=\"jkit-post-meta\"><\/div><div class=\"jkit-post-excerpt\"><p><\/p><\/div>\n            <div class=\"jkit-post-meta-bottom\">\n                <div class=\"jkit-meta-readmore icon-position-after\">\n                <a href=\"https:\/\/kumite.lt\/index.php\/2025\/01\/21\/sekmingai-islaikyti-egzaminai\/\" class=\"jkit-readmore\">Skaityti daugiau<i aria-hidden=\"true\" class=\"fas fa-arrow-right\"><\/i><\/a>\n            <\/div>\n            <\/div><\/div>\n                <\/article><article class=\"jkit-post post-901 post type-post status-publish format-standard has-post-thumbnail hentry category-uncategorized\">\n                    <div class=\"jkit-thumb\"><a href=\"https:\/\/kumite.lt\/index.php\/2025\/01\/21\/puikus-startas-rifo-taures-varzybose\/\"><div class=\"thumbnail-container \">\n            <img loading=\"lazy\" decoding=\"async\" width=\"768\" height=\"577\" src=\"https:\/\/kumite.lt\/wp-content\/uploads\/2025\/01\/IMG_0768-768x577.jpg\" class=\"attachment-medium_large size-medium_large wp-post-image\" alt=\"\" srcset=\"https:\/\/kumite.lt\/wp-content\/uploads\/2025\/01\/IMG_0768-768x577.jpg 768w, https:\/\/kumite.lt\/wp-content\/uploads\/2025\/01\/IMG_0768-300x225.jpg 300w, https:\/\/kumite.lt\/wp-content\/uploads\/2025\/01\/IMG_0768-1024x769.jpg 1024w, https:\/\/kumite.lt\/wp-content\/uploads\/2025\/01\/IMG_0768-1536x1153.jpg 1536w, https:\/\/kumite.lt\/wp-content\/uploads\/2025\/01\/IMG_0768-2048x1538.jpg 2048w\" sizes=\"auto, (max-width: 768px) 100vw, 768px\" \/>\n        <\/div><\/a><\/div>\n                    <div class=\"jkit-postblock-content\"><h4 class=\"jkit-post-title\"><a href=\"https:\/\/kumite.lt\/index.php\/2025\/01\/21\/puikus-startas-rifo-taures-varzybose\/\">Puikus startas &#8220;Rifo&#8221; taur\u0117s var\u017eybose<\/a><\/h4>\n                <div class=\"jkit-post-meta\"><\/div><div class=\"jkit-post-excerpt\"><p>Klubo sportininkai puikiai pasirod\u0117 klubo \"Rifas\" organizuojamuose var\u017eybose! Pirmas vietas peln\u0117: Vytis Rimkus, Pijus Vasiliauskas, Dominykas Kudelis, Eirinas...<\/p><\/div>\n            <div class=\"jkit-post-meta-bottom\">\n                <div class=\"jkit-meta-readmore icon-position-after\">\n                <a href=\"https:\/\/kumite.lt\/index.php\/2025\/01\/21\/puikus-startas-rifo-taures-varzybose\/\" class=\"jkit-readmore\">Skaityti daugiau<i aria-hidden=\"true\" class=\"fas fa-arrow-right\"><\/i><\/a>\n            <\/div>\n            <\/div><\/div>\n                <\/article>\n        <\/div>\n        <\/div><div class=\"jkit-block-pagination jkit-align\"><div class=\"jkit-block-loadmore icon-position-before\"><a href=\"#\" data-load=\"Load More\" data-loading=\"Loading...\"> Load More<\/a><\/div><\/div><\/div>\t\t<\/div>\n\t\t\t\t<\/div>\n\t\t\t\t\t\t<\/div>\n\t\t\t\t\t<\/div>\n\t\t<\/div>\n\t\t\t\t\t\t\t\t<\/div>\n\t\t\t\t\t<\/div>\n\t\t<\/section>\n\t\t\t\t\t\t<\/div>\n\t\t\t\t\t\t<\/div>\n\t\t\t\t\t<\/div>\n\t\t","protected":false},"excerpt":{"rendered":"<p>Lietuvos Kyokushin Karate federacijos renginiai edit post Istorin\u0117s pergal\u0117s Europos \u010dempionate Istorin\u0117s var\u017eybos Jonavos Kyokushin karate \u201eKumite\u201c klubo komandai &#8211; I\u0161 Europos \u010dempionato, kuris vyko lapkri\u010dio 4 ir 5 dienomis Bulgarijos sostin\u0117je Sofijoje, du sportininkai gr\u012f\u017eo su itin garbingais titulais.\u00a0Michail Mitiulin tapo Europos kyokushin karate jaunu\u010di\u0173&#8230; Skaityti daugiau edit post Rifo taur\u0117 2022 Skaityti daugiau [&hellip;]<\/p>\n","protected":false},"author":1,"featured_media":485,"parent":0,"menu_order":0,"comment_status":"closed","ping_status":"closed","template":"elementor_header_footer","meta":{"footnotes":""},"class_list":["post-147","page","type-page","status-publish","has-post-thumbnail","hentry","entry","has-media"],"_links":{"self":[{"href":"https:\/\/kumite.lt\/index.php\/wp-json\/wp\/v2\/pages\/147","targetHints":{"allow":["GET"]}}],"collection":[{"href":"https:\/\/kumite.lt\/index.php\/wp-json\/wp\/v2\/pages"}],"about":[{"href":"https:\/\/kumite.lt\/index.php\/wp-json\/wp\/v2\/types\/page"}],"author":[{"embeddable":true,"href":"https:\/\/kumite.lt\/index.php\/wp-json\/wp\/v2\/users\/1"}],"replies":[{"embeddable":true,"href":"https:\/\/kumite.lt\/index.php\/wp-json\/wp\/v2\/comments?post=147"}],"version-history":[{"count":43,"href":"https:\/\/kumite.lt\/index.php\/wp-json\/wp\/v2\/pages\/147\/revisions"}],"predecessor-version":[{"id":495,"href":"https:\/\/kumite.lt\/index.php\/wp-json\/wp\/v2\/pages\/147\/revisions\/495"}],"wp:featuredmedia":[{"embeddable":true,"href":"https:\/\/kumite.lt\/index.php\/wp-json\/wp\/v2\/media\/485"}],"wp:attachment":[{"href":"https:\/\/kumite.lt\/index.php\/wp-json\/wp\/v2\/media?parent=147"}],"curies":[{"name":"wp","href":"https:\/\/api.w.org\/{rel}","templated":true}]}}